{"id":3,"date":"2022-05-31T16:32:30","date_gmt":"2022-05-31T14:32:30","guid":{"rendered":"http:\/\/turc-export.fr\/?page_id=3"},"modified":"2022-07-06T01:08:32","modified_gmt":"2022-07-05T23:08:32","slug":"confidentialite","status":"publish","type":"page","link":"https:\/\/turc-export.fr\/index.php\/confidentialite\/","title":{"rendered":"Confidentialit\u00e9"},"content":{"rendered":"\n<h2 class=\"has-text-align-center wp-block-heading\">I &#8211; Mentions l\u00e9gales<\/h2>\n\n\n\n<ul class=\"wp-block-list\"><li>Identit\u00e9 de l&rsquo;entreprise\u00a0:\u00a0<strong><a href=\"https:\/\/turc-export.fr\" target=\"_blank\" rel=\"noreferrer noopener\">TURC EXPORT<\/a>, soci\u00e9t\u00e9 \u00e0 responsabilit\u00e9 limit\u00e9e, <strong>RTE N 75 &#8211; 01500 AMBRONAY<\/strong>,\u00a0Capital social\u00a0:\u00a0706\u00a0500,00 \u20ac.<\/strong><\/li><li>Num\u00e9ro d&rsquo;immatriculation\u00a0au\u00a0RCS : <strong>Bourg-En-Bresse B 547\u00a0120\u00a0220<\/strong><\/li><li>Mail : <strong>jeanphiturc@orange.fr<\/strong><\/li><li>num\u00e9ro de t\u00e9l\u00e9phone : <strong>06 89 97 70 99 (portable)\u00a0\/\u00a004 74 38 08 44 (bureau)<\/strong><\/li><li>Num\u00e9ro d&rsquo;identification \u00e0 la TVA : <strong>FR04547120220<\/strong><\/li><li>Activit\u00e9 r\u00e8glement\u00e9\u00a0et soumise \u00e0 autorisation : <strong>Commerce de gros (commerce interentreprises) d&rsquo;animaux vivants (4623Z) et Transit de gros<\/strong><\/li><li>Identit\u00e9 de\u00a0l&rsquo;h\u00e9bergeur :<em> <\/em><strong><a href=\"https:\/\/www.ovhcloud.com\/fr\/\" target=\"_blank\" rel=\"noreferrer noopener\">OVH<\/a>, 2 rue Kellermann &#8211; 59100 Roubaix &#8211; France<\/strong><\/li><li>Cr\u00e9ateur du site internet de l&rsquo;entreprise : <strong>DARMON Noah &#8211; noah.darmon@gmail.com<\/strong><\/li><\/ul>\n\n\n\n<h2 class=\"has-text-align-center wp-block-heading\">II &#8211; Politique de confidentialit\u00e9<\/h2>\n\n\n\n<p>Le site ne contient aucun moyen pour l&rsquo;utilisateur de se cr\u00e9er un compte, de laisser un commentaire ou encore de t\u00e9l\u00e9verser une image car c&rsquo;est un site vitrine non marchand. <\/p>\n\n\n\n<p>N\u00e9anmoins si l&rsquo;une de ces options devait \u00eatre ajout\u00e9, les conditions suivante s&rsquo;appliqueront. <\/p>\n\n\n\n<p>De plus, nous nous r\u00e9servons le droit de mettre \u00e0 jour cette politique de confidentialit\u00e9 si n\u00e9cessaire.<\/p>\n\n\n\n<h4 class=\"wp-block-heading\">1 &#8211; Qui sommes-nous&nbsp;?<\/h4>\n\n\n\n<p>Notre entreprise TURC EXPORT est repr\u00e9sent\u00e9 par le site&nbsp;: <a href=\"https:\/\/turc-export.fr\" target=\"_blank\" rel=\"noreferrer noopener\">https:\/\/turc-export.fr<\/a>.<\/p>\n\n\n\n<h4 class=\"wp-block-heading\">2 &#8211; Commentaires<\/h4>\n\n\n\n<p>Lorsque vous laissez un commentaire sur notre site <a href=\"https:\/\/turc-export.fr\" target=\"_blank\" rel=\"noreferrer noopener\">https:\/\/turc-export.fr<\/a>, les donn\u00e9es inscrites dans le formulaire de commentaire, mais aussi votre adresse IP et l\u2019agent utilisateur de votre navigateur sont collect\u00e9s pour nous aider \u00e0 la d\u00e9tection des commentaires ind\u00e9sirables.<\/p>\n\n\n\n<p>Une cha\u00eene anonymis\u00e9e cr\u00e9\u00e9e \u00e0 partir de votre adresse e-mail (\u00e9galement appel\u00e9e hash)pourra \u00eatre envoy\u00e9e au service Gravatar pour v\u00e9rifier si vous utilisez ce dernier. Les clauses de confidentialit\u00e9 du service Gravatar sont disponibles ici&nbsp;: https:\/\/automattic.com\/privacy\/. Apr\u00e8s validation de votre commentaire, votre photo de profil sera visible publiquement \u00e0 cot\u00e9 de votre commentaire.<\/p>\n\n\n\n<h4 class=\"wp-block-heading\">3 &#8211; M\u00e9dias<\/h4>\n\n\n\n<p>Si vous t\u00e9l\u00e9versez des images sur notre site <a rel=\"noreferrer noopener\" href=\"https:\/\/turc-export.fr\" target=\"_blank\">https:\/\/turc-export.fr<\/a>, nous vous conseillons d\u2019\u00e9viter de t\u00e9l\u00e9verser des images contenant des donn\u00e9es EXIF de coordonn\u00e9es GPS. Les personnes visitant le site <a rel=\"noreferrer noopener\" href=\"https:\/\/turc-export.fr\" target=\"_blank\">https:\/\/turc-export.fr<\/a> peuvent t\u00e9l\u00e9charger et extraire des donn\u00e9es de localisation depuis ces images, donn\u00e9es pouvant possiblement \u00eatre sensibles.<\/p>\n\n\n\n<h4 class=\"wp-block-heading\">4 &#8211; Cookies<\/h4>\n\n\n\n<p>Premi\u00e8rement, si vous d\u00e9posez un commentaire sur notre site <a href=\"https:\/\/turc-export.fr\" target=\"_blank\" rel=\"noreferrer noopener\">https:\/\/turc-export.fr<\/a>, il vous sera propos\u00e9 d\u2019enregistrer votre nom, adresse e-mail et site dans des cookies. <\/p>\n\n\n\n<p>C\u2019est uniquement pour votre confort afin de ne pas avoir \u00e0 saisir ces informations si vous d\u00e9posez un autre commentaire plus tard.<\/p>\n\n\n\n<p>Ces cookies expirent au bout d\u2019un an.<\/p>\n\n\n\n<p>Ensuite si vous vous rendez sur la page de connexion, un cookie temporaire sera cr\u00e9\u00e9 afin de d\u00e9terminer si votre navigateur accepte les cookies. Il ne contient pas de donn\u00e9es personnelles et sera supprim\u00e9 automatiquement \u00e0 la fermeture de votre navigateur.<\/p>\n\n\n\n<p>De plus, lors de la connexion, nous mettons en place un certain nombre de cookies pour enregistrer vos informations de connexion et vos pr\u00e9f\u00e9rences d\u2019\u00e9cran. <\/p>\n\n\n\n<p>La dur\u00e9e de vie d\u2019un cookie de connexion est de deux jours, celle d\u2019un cookie d\u2019option d\u2019\u00e9cran est d\u2019un an. Si vous cochez \u00ab&nbsp;Se souvenir de moi&nbsp;\u00bb, votre cookie de connexion sera conserv\u00e9 pendant deux semaines. Si vous vous d\u00e9connectez de votre compte, le cookie de connexion sera effac\u00e9.<\/p>\n\n\n\n<p>Finalement, en modifiant ou en publiant une publication, un cookie suppl\u00e9mentaire sera enregistr\u00e9 dans votre navigateur. Ce cookie ne comprend aucune donn\u00e9e personnelle. Il indique simplement l\u2019ID de la publication que vous venez de modifier. Il expire au bout d\u2019un jour.<\/p>\n\n\n\n<h4 class=\"wp-block-heading\">5 &#8211; Contenu embarqu\u00e9 depuis d\u2019autres sites<\/h4>\n\n\n\n<p>Les articles du site <a rel=\"noreferrer noopener\" href=\"https:\/\/turc-export.fr\" target=\"_blank\">https:\/\/turc-export.fr<\/a> peuvent inclure des contenus int\u00e9gr\u00e9s (par exemple des vid\u00e9os, images, articles\u2026). Le contenu int\u00e9gr\u00e9 depuis d\u2019autres sites se comporte de la m\u00eame mani\u00e8re que si le visiteur se rendait sur cet autre site.<\/p>\n\n\n\n<p>Ces sites web pourraient collecter des donn\u00e9es sur vous, utiliser des cookies, embarquer des outils de suivis tiers, suivre vos interactions avec ces contenus embarqu\u00e9s si vous disposez d\u2019un compte connect\u00e9 sur leur site web.<\/p>\n\n\n\n<h4 class=\"wp-block-heading\">6 &#8211; Utilisation et transmission de vos donn\u00e9es personnelles<\/h4>\n\n\n\n<p>Si vous demandez une r\u00e9initialisation de votre mot de passe, votre adresse IP sera incluse dans l\u2019e-mail de r\u00e9initialisation.<\/p>\n\n\n\n<h4 class=\"wp-block-heading\">7 &#8211; Dur\u00e9es de stockage de vos donn\u00e9es<\/h4>\n\n\n\n<p>Tout d&rsquo;abord si vous laissez un commentaire, le commentaire et ses m\u00e9tadonn\u00e9es sont conserv\u00e9s ind\u00e9finiment. Cela permet de reconna\u00eetre et approuver automatiquement les commentaires suivants au lieu de les laisser dans la file de mod\u00e9ration.<\/p>\n\n\n\n<p>Ensuite, pour les comptes qui s\u2019inscrivent sur notre site <a href=\"https:\/\/turc-export.fr\" target=\"_blank\" rel=\"noreferrer noopener\">https:\/\/turc-export.fr<\/a> (le cas \u00e9ch\u00e9ant), nous stockons \u00e9galement les donn\u00e9es personnelles indiqu\u00e9es dans leur profil. <\/p>\n\n\n\n<p>Tous les comptes peuvent voir, modifier ou supprimer leurs informations personnelles \u00e0 tout moment (\u00e0 l\u2019exception de leur identifiant). Les gestionnaires du site peuvent aussi voir et modifier ces informations.<\/p>\n\n\n\n<h4 class=\"wp-block-heading\">8 &#8211; Les droits que vous avez sur vos donn\u00e9es<\/h4>\n\n\n\n<p>Si vous avez un compte ou si vous avez laiss\u00e9 des commentaires sur notre site <a href=\"https:\/\/turc-export.fr\" target=\"_blank\" rel=\"noreferrer noopener\">https:\/\/turc-export.fr<\/a>, vous pouvez demander \u00e0 recevoir un fichier contenant toutes les donn\u00e9es personnelles que nous poss\u00e9dons \u00e0 votre sujet. <\/p>\n\n\n\n<p>De plus, vous pouvez \u00e9galement demander la suppression des donn\u00e9es personnelles vous concernant. Cela ne prend pas en compte les donn\u00e9es stock\u00e9es \u00e0 des fins administratives, l\u00e9gales ou pour des raisons de s\u00e9curit\u00e9.<\/p>\n\n\n\n<h4 class=\"wp-block-heading\">9 &#8211; Transmission de vos donn\u00e9es personnelles<\/h4>\n\n\n\n<p>Les commentaires des visiteurs peuvent \u00eatre v\u00e9rifi\u00e9s \u00e0 l\u2019aide d\u2019un service automatis\u00e9 de d\u00e9tection des commentaires ind\u00e9sirables.<\/p>\n\n\n\n<h2 class=\"has-text-align-center wp-block-heading\"><\/h2>\n","protected":false},"excerpt":{"rendered":"<p>I &#8211; Mentions l\u00e9gales Identit\u00e9 de l&rsquo;entreprise\u00a0:\u00a0TURC EXPORT, soci\u00e9t\u00e9 \u00e0 responsabilit\u00e9 limit\u00e9e, RTE N 75 &#8211; 01500 AMBRONAY,\u00a0Capital social\u00a0:\u00a0706\u00a0500,00 \u20ac. Num\u00e9ro d&rsquo;immatriculation\u00a0au\u00a0RCS : Bourg-En-Bresse B 547\u00a0120\u00a0220 Mail : jeanphiturc@orange.fr num\u00e9ro de t\u00e9l\u00e9phone : 06 89 97 70 99 (portable)\u00a0\/\u00a004 74 38 08 44 (bureau) Num\u00e9ro d&rsquo;identification \u00e0 la TVA : FR04547120220 Activit\u00e9 r\u00e8glement\u00e9\u00a0et soumise \u00e0 [&hellip;]<\/p>\n","protected":false},"author":1,"featured_media":0,"parent":0,"menu_order":0,"comment_status":"closed","ping_status":"closed","template":"","meta":{"footnotes":""},"class_list":["post-3","page","type-page","status-publish","hentry"],"yoast_head":"<!-- This site is optimized with the Yoast SEO plugin v27.4 - https:\/\/yoast.com\/product\/yoast-seo-wordpress\/ -->\n<title>TURC EXPORT - Confidentialit\u00e9<\/title>\n<meta name=\"description\" content=\"D\u00e9tails de confidentialit\u00e9 de l&#039;entreprise SARL TURC EXPORT : Politique de confidentialit\u00e9 &amp; Mentions l\u00e9gales\" \/>\n<meta name=\"robots\" content=\"index, follow, max-snippet:-1, max-image-preview:large, max-video-preview:-1\" \/>\n<link rel=\"canonical\" href=\"https:\/\/turc-export.fr\/index.php\/confidentialite\/\" \/>\n<meta property=\"og:locale\" content=\"fr_FR\" \/>\n<meta property=\"og:type\" content=\"article\" \/>\n<meta property=\"og:title\" content=\"TURC EXPORT - Confidentialit\u00e9\" \/>\n<meta property=\"og:description\" content=\"D\u00e9tails de confidentialit\u00e9 de l&#039;entreprise SARL TURC EXPORT : Politique de confidentialit\u00e9 &amp; Mentions l\u00e9gales\" \/>\n<meta property=\"og:url\" content=\"https:\/\/turc-export.fr\/index.php\/confidentialite\/\" \/>\n<meta property=\"og:site_name\" content=\"TURC EXPORT\" \/>\n<meta property=\"article:modified_time\" content=\"2022-07-05T23:08:32+00:00\" \/>\n<meta name=\"twitter:card\" content=\"summary_large_image\" \/>\n<meta name=\"twitter:label1\" content=\"Dur\u00e9e de lecture estim\u00e9e\" \/>\n\t<meta name=\"twitter:data1\" content=\"5 minutes\" \/>\n<script type=\"application\/ld+json\" class=\"yoast-schema-graph\">{\"@context\":\"https:\\\/\\\/schema.org\",\"@graph\":[{\"@type\":[\"WebPage\",\"AboutPage\"],\"@id\":\"https:\\\/\\\/turc-export.fr\\\/index.php\\\/confidentialite\\\/\",\"url\":\"https:\\\/\\\/turc-export.fr\\\/index.php\\\/confidentialite\\\/\",\"name\":\"TURC EXPORT - Confidentialit\u00e9\",\"isPartOf\":{\"@id\":\"https:\\\/\\\/turc-export.fr\\\/#website\"},\"datePublished\":\"2022-05-31T14:32:30+00:00\",\"dateModified\":\"2022-07-05T23:08:32+00:00\",\"description\":\"D\u00e9tails de confidentialit\u00e9 de l'entreprise SARL TURC EXPORT : Politique de confidentialit\u00e9 & Mentions l\u00e9gales\",\"breadcrumb\":{\"@id\":\"https:\\\/\\\/turc-export.fr\\\/index.php\\\/confidentialite\\\/#breadcrumb\"},\"inLanguage\":\"fr-FR\",\"potentialAction\":[{\"@type\":\"ReadAction\",\"target\":[\"https:\\\/\\\/turc-export.fr\\\/index.php\\\/confidentialite\\\/\"]}]},{\"@type\":\"BreadcrumbList\",\"@id\":\"https:\\\/\\\/turc-export.fr\\\/index.php\\\/confidentialite\\\/#breadcrumb\",\"itemListElement\":[{\"@type\":\"ListItem\",\"position\":1,\"name\":\"Accueil\",\"item\":\"https:\\\/\\\/turc-export.fr\\\/\"},{\"@type\":\"ListItem\",\"position\":2,\"name\":\"Confidentialit\u00e9\"}]},{\"@type\":\"WebSite\",\"@id\":\"https:\\\/\\\/turc-export.fr\\\/#website\",\"url\":\"https:\\\/\\\/turc-export.fr\\\/\",\"name\":\"TURC EXPORT\",\"description\":\"\",\"publisher\":{\"@id\":\"https:\\\/\\\/turc-export.fr\\\/#organization\"},\"potentialAction\":[{\"@type\":\"SearchAction\",\"target\":{\"@type\":\"EntryPoint\",\"urlTemplate\":\"https:\\\/\\\/turc-export.fr\\\/?s={search_term_string}\"},\"query-input\":{\"@type\":\"PropertyValueSpecification\",\"valueRequired\":true,\"valueName\":\"search_term_string\"}}],\"inLanguage\":\"fr-FR\"},{\"@type\":\"Organization\",\"@id\":\"https:\\\/\\\/turc-export.fr\\\/#organization\",\"name\":\"SARL TURC EXPORT\",\"url\":\"https:\\\/\\\/turc-export.fr\\\/\",\"logo\":{\"@type\":\"ImageObject\",\"inLanguage\":\"fr-FR\",\"@id\":\"https:\\\/\\\/turc-export.fr\\\/#\\\/schema\\\/logo\\\/image\\\/\",\"url\":\"https:\\\/\\\/turc-export.fr\\\/wp-content\\\/uploads\\\/2022\\\/06\\\/Logo-1.png\",\"contentUrl\":\"https:\\\/\\\/turc-export.fr\\\/wp-content\\\/uploads\\\/2022\\\/06\\\/Logo-1.png\",\"width\":574,\"height\":574,\"caption\":\"SARL TURC EXPORT\"},\"image\":{\"@id\":\"https:\\\/\\\/turc-export.fr\\\/#\\\/schema\\\/logo\\\/image\\\/\"}}]}<\/script>\n<!-- \/ Yoast SEO plugin. -->","yoast_head_json":{"title":"TURC EXPORT - Confidentialit\u00e9","description":"D\u00e9tails de confidentialit\u00e9 de l'entreprise SARL TURC EXPORT : Politique de confidentialit\u00e9 & Mentions l\u00e9gales","robots":{"index":"index","follow":"follow","max-snippet":"max-snippet:-1","max-image-preview":"max-image-preview:large","max-video-preview":"max-video-preview:-1"},"canonical":"https:\/\/turc-export.fr\/index.php\/confidentialite\/","og_locale":"fr_FR","og_type":"article","og_title":"TURC EXPORT - Confidentialit\u00e9","og_description":"D\u00e9tails de confidentialit\u00e9 de l'entreprise SARL TURC EXPORT : Politique de confidentialit\u00e9 & Mentions l\u00e9gales","og_url":"https:\/\/turc-export.fr\/index.php\/confidentialite\/","og_site_name":"TURC EXPORT","article_modified_time":"2022-07-05T23:08:32+00:00","twitter_card":"summary_large_image","twitter_misc":{"Dur\u00e9e de lecture estim\u00e9e":"5 minutes"},"schema":{"@context":"https:\/\/schema.org","@graph":[{"@type":["WebPage","AboutPage"],"@id":"https:\/\/turc-export.fr\/index.php\/confidentialite\/","url":"https:\/\/turc-export.fr\/index.php\/confidentialite\/","name":"TURC EXPORT - Confidentialit\u00e9","isPartOf":{"@id":"https:\/\/turc-export.fr\/#website"},"datePublished":"2022-05-31T14:32:30+00:00","dateModified":"2022-07-05T23:08:32+00:00","description":"D\u00e9tails de confidentialit\u00e9 de l'entreprise SARL TURC EXPORT : Politique de confidentialit\u00e9 & Mentions l\u00e9gales","breadcrumb":{"@id":"https:\/\/turc-export.fr\/index.php\/confidentialite\/#breadcrumb"},"inLanguage":"fr-FR","potentialAction":[{"@type":"ReadAction","target":["https:\/\/turc-export.fr\/index.php\/confidentialite\/"]}]},{"@type":"BreadcrumbList","@id":"https:\/\/turc-export.fr\/index.php\/confidentialite\/#breadcrumb","itemListElement":[{"@type":"ListItem","position":1,"name":"Accueil","item":"https:\/\/turc-export.fr\/"},{"@type":"ListItem","position":2,"name":"Confidentialit\u00e9"}]},{"@type":"WebSite","@id":"https:\/\/turc-export.fr\/#website","url":"https:\/\/turc-export.fr\/","name":"TURC EXPORT","description":"","publisher":{"@id":"https:\/\/turc-export.fr\/#organization"},"potentialAction":[{"@type":"SearchAction","target":{"@type":"EntryPoint","urlTemplate":"https:\/\/turc-export.fr\/?s={search_term_string}"},"query-input":{"@type":"PropertyValueSpecification","valueRequired":true,"valueName":"search_term_string"}}],"inLanguage":"fr-FR"},{"@type":"Organization","@id":"https:\/\/turc-export.fr\/#organization","name":"SARL TURC EXPORT","url":"https:\/\/turc-export.fr\/","logo":{"@type":"ImageObject","inLanguage":"fr-FR","@id":"https:\/\/turc-export.fr\/#\/schema\/logo\/image\/","url":"https:\/\/turc-export.fr\/wp-content\/uploads\/2022\/06\/Logo-1.png","contentUrl":"https:\/\/turc-export.fr\/wp-content\/uploads\/2022\/06\/Logo-1.png","width":574,"height":574,"caption":"SARL TURC EXPORT"},"image":{"@id":"https:\/\/turc-export.fr\/#\/schema\/logo\/image\/"}}]}},"_links":{"self":[{"href":"https:\/\/turc-export.fr\/index.php\/wp-json\/wp\/v2\/pages\/3","targetHints":{"allow":["GET"]}}],"collection":[{"href":"https:\/\/turc-export.fr\/index.php\/wp-json\/wp\/v2\/pages"}],"about":[{"href":"https:\/\/turc-export.fr\/index.php\/wp-json\/wp\/v2\/types\/page"}],"author":[{"embeddable":true,"href":"https:\/\/turc-export.fr\/index.php\/wp-json\/wp\/v2\/users\/1"}],"replies":[{"embeddable":true,"href":"https:\/\/turc-export.fr\/index.php\/wp-json\/wp\/v2\/comments?post=3"}],"version-history":[{"count":40,"href":"https:\/\/turc-export.fr\/index.php\/wp-json\/wp\/v2\/pages\/3\/revisions"}],"predecessor-version":[{"id":657,"href":"https:\/\/turc-export.fr\/index.php\/wp-json\/wp\/v2\/pages\/3\/revisions\/657"}],"wp:attachment":[{"href":"https:\/\/turc-export.fr\/index.php\/wp-json\/wp\/v2\/media?parent=3"}],"curies":[{"name":"wp","href":"https:\/\/api.w.org\/{rel}","templated":true}]}}