{"id":34,"date":"2022-06-01T10:01:36","date_gmt":"2022-06-01T08:01:36","guid":{"rendered":"http:\/\/turc-export.fr\/?page_id=34"},"modified":"2022-06-30T13:36:08","modified_gmt":"2022-06-30T11:36:08","slug":"turc-export-commerce","status":"publish","type":"page","link":"https:\/\/turc-export.fr\/index.php\/turc-export-commerce\/","title":{"rendered":"Commerce"},"content":{"rendered":"\n<h2 class=\"wp-block-heading\">\u00c0 propos de notre commerce<\/h2>\n\n\n\n<div class=\"wp-block-media-text alignwide has-media-on-the-right is-stacked-on-mobile is-vertically-aligned-center\" style=\"grid-template-columns:auto 41%\"><figure class=\"wp-block-media-text__media\"><img loading=\"lazy\" decoding=\"async\" width=\"1024\" height=\"768\" src=\"https:\/\/turc-export.fr\/wp-content\/uploads\/2022\/06\/m-2-1024x768.jpg\" alt=\"\" class=\"wp-image-488 size-full\" srcset=\"https:\/\/turc-export.fr\/wp-content\/uploads\/2022\/06\/m-2-1024x768.jpg 1024w, https:\/\/turc-export.fr\/wp-content\/uploads\/2022\/06\/m-2-300x225.jpg 300w, https:\/\/turc-export.fr\/wp-content\/uploads\/2022\/06\/m-2-768x576.jpg 768w, https:\/\/turc-export.fr\/wp-content\/uploads\/2022\/06\/m-2.jpg 1080w\" sizes=\"auto, (max-width: 1024px) 100vw, 1024px\" \/><\/figure><div class=\"wp-block-media-text__content\">\n<p>TURC EXPORT a comme activit\u00e9 primaire le commerce de b\u00eates, nous achetons principalement des bovins dans des r\u00e9gions fran\u00e7aises et nous vendons en majorit\u00e9 dans des r\u00e9gions du nord de l&rsquo;Italie.<\/p>\n\n\n\n<p>Notre entreprise pr\u00e9sente en Italie depuis de nombreuses ann\u00e9es \u00e0 su conserver la fid\u00e9lit\u00e9 de ses clients gr\u00e2ce \u00e0 une distribution de bovins de qualit\u00e9 respectant toujours les demandes de la client\u00e8le, <a href=\"https:\/\/fr.wikipedia.org\/wiki\/Charolaise\" target=\"_blank\" rel=\"noreferrer noopener\">Charolaise<\/a>, <a href=\"https:\/\/fr.wikipedia.org\/wiki\/Aubrac_(race_bovine)\" target=\"_blank\" rel=\"noreferrer noopener\">Aubrac<\/a>, <a href=\"https:\/\/fr.wikipedia.org\/wiki\/Limousine_(race_bovine)\" target=\"_blank\" rel=\"noreferrer noopener\">Limousine<\/a> ou encore crois\u00e9, nous avons \u00e0 notre disposition de nombreuses races avec dans celles-ci des b\u00eates pesantes de 300&nbsp;kg \u00e0 500&nbsp;kg.<\/p>\n<\/div><\/div>\n\n\n\n<div style=\"height:30px\" aria-hidden=\"true\" class=\"wp-block-spacer\"><\/div>\n\n\n\n<div class=\"wp-block-group\"><div class=\"wp-block-group__inner-container is-layout-flow wp-block-group-is-layout-flow\">\n<div class=\"wp-block-group\"><div class=\"wp-block-group__inner-container is-layout-flow wp-block-group-is-layout-flow\">\n<h3 class=\"wp-block-heading\">R\u00e9gions de France et d&rsquo;Italie o\u00f9 TURC EXPORT commerce d\u00e9j\u00e0 :<\/h3>\n<\/div><\/div>\n<\/div><\/div>\n\n\n\n<div class=\"wp-block-group\"><div class=\"wp-block-group__inner-container is-layout-flow wp-block-group-is-layout-flow\">\n<div class=\"wp-block-columns are-vertically-aligned-top is-layout-flex wp-container-core-columns-is-layout-9d6595d7 wp-block-columns-is-layout-flex\">\n<div class=\"wp-block-column is-vertically-aligned-top is-layout-flow wp-block-column-is-layout-flow\" style=\"flex-basis:100%\">\n<div class=\"wp-block-cover is-light\" style=\"min-height:461px;aspect-ratio:unset;\"><span aria-hidden=\"true\" class=\"wp-block-cover__background has-background-dim-0 has-background-dim\"><\/span><img loading=\"lazy\" decoding=\"async\" width=\"1920\" height=\"1080\" class=\"wp-block-cover__image-background wp-image-523\" alt=\"ZONES DE COMMERCE TURC EXPORT\" src=\"https:\/\/turc-export.fr\/wp-content\/uploads\/2022\/06\/LocalisationPointille.png\" data-object-fit=\"cover\" srcset=\"https:\/\/turc-export.fr\/wp-content\/uploads\/2022\/06\/LocalisationPointille.png 1920w, https:\/\/turc-export.fr\/wp-content\/uploads\/2022\/06\/LocalisationPointille-300x169.png 300w, https:\/\/turc-export.fr\/wp-content\/uploads\/2022\/06\/LocalisationPointille-1024x576.png 1024w, https:\/\/turc-export.fr\/wp-content\/uploads\/2022\/06\/LocalisationPointille-768x432.png 768w, https:\/\/turc-export.fr\/wp-content\/uploads\/2022\/06\/LocalisationPointille-1536x864.png 1536w\" sizes=\"auto, (max-width: 1920px) 100vw, 1920px\" \/><div class=\"wp-block-cover__inner-container is-layout-flow wp-block-cover-is-layout-flow\">\n<p class=\"has-text-align-center has-large-font-size\"><\/p>\n<\/div><\/div>\n<\/div>\n<\/div>\n<\/div><\/div>\n\n\n\n<hr class=\"wp-block-separator has-alpha-channel-opacity is-style-dots\"\/>\n\n\n\n<div style=\"height:20px\" aria-hidden=\"true\" class=\"wp-block-spacer\"><\/div>\n\n\n\n<h2 class=\"wp-block-heading\">Achats &amp; ventes<\/h2>\n\n\n\n<div class=\"wp-block-group\"><div class=\"wp-block-group__inner-container is-layout-flow wp-block-group-is-layout-flow\">\n<p>Nous sommes donc ouvert \u00e0 toute d\u00e9marche de n\u00e9gociation si vous vous situez dans les localisations donn\u00e9es pr\u00e9c\u00e9demment, n\u00e9anmoins m\u00eame si votre localisation n&rsquo;est pas cit\u00e9e ci-dessus vous pouvez bien entendu essayer de <a href=\"https:\/\/turc-export.fr\/index.php\/contact\/\" data-type=\"URL\" data-id=\"https:\/\/turc-export.fr\/index.php\/contact\/\">nous contacter<\/a>.<\/p>\n<\/div><\/div>\n\n\n\n<div class=\"wp-block-group\"><div class=\"wp-block-group__inner-container is-layout-flow wp-block-group-is-layout-flow\">\n<div class=\"wp-block-buttons is-content-justification-center is-layout-flex wp-container-core-buttons-is-layout-28206b41 wp-block-buttons-is-layout-flex\"><\/div>\n<\/div><\/div>\n","protected":false},"excerpt":{"rendered":"<p>\u00c0 propos de notre commerce TURC EXPORT a comme activit\u00e9 primaire le commerce de b\u00eates, nous achetons principalement des bovins dans des r\u00e9gions fran\u00e7aises et nous vendons en majorit\u00e9 dans des r\u00e9gions du nord de l&rsquo;Italie. Notre entreprise pr\u00e9sente en Italie depuis de nombreuses ann\u00e9es \u00e0 su conserver la fid\u00e9lit\u00e9 de ses clients gr\u00e2ce \u00e0 [&hellip;]<\/p>\n","protected":false},"author":1,"featured_media":0,"parent":0,"menu_order":0,"comment_status":"closed","ping_status":"closed","template":"","meta":{"footnotes":""},"class_list":["post-34","page","type-page","status-publish","hentry"],"yoast_head":"<!-- This site is optimized with the Yoast SEO plugin v27.4 - https:\/\/yoast.com\/product\/yoast-seo-wordpress\/ -->\n<title>TURC EXPORT - Commerce<\/title>\n<meta name=\"description\" content=\"TURC EXPORT, sp\u00e9cialiste du commerce de bovin, propose ses services depuis 1971, importe de France et exporte en Italie, localis\u00e9 \u00e0 Ambronay.\" \/>\n<meta name=\"robots\" content=\"index, follow, max-snippet:-1, max-image-preview:large, max-video-preview:-1\" \/>\n<link rel=\"canonical\" href=\"https:\/\/turc-export.fr\/index.php\/turc-export-commerce\/\" \/>\n<meta property=\"og:locale\" content=\"fr_FR\" \/>\n<meta property=\"og:type\" content=\"article\" \/>\n<meta property=\"og:title\" content=\"TURC EXPORT - Commerce\" \/>\n<meta property=\"og:description\" content=\"TURC EXPORT, sp\u00e9cialiste du commerce de bovin, propose ses services depuis 1971, importe de France et exporte en Italie, localis\u00e9 \u00e0 Ambronay.\" \/>\n<meta property=\"og:url\" content=\"https:\/\/turc-export.fr\/index.php\/turc-export-commerce\/\" \/>\n<meta property=\"og:site_name\" content=\"TURC EXPORT\" \/>\n<meta property=\"article:modified_time\" content=\"2022-06-30T11:36:08+00:00\" \/>\n<meta property=\"og:image\" content=\"https:\/\/turc-export.fr\/wp-content\/uploads\/2022\/06\/m-2-1024x768.jpg\" \/>\n<meta name=\"twitter:card\" content=\"summary_large_image\" \/>\n<meta name=\"twitter:label1\" content=\"Dur\u00e9e de lecture estim\u00e9e\" \/>\n\t<meta name=\"twitter:data1\" content=\"2 minutes\" \/>\n<script type=\"application\/ld+json\" class=\"yoast-schema-graph\">{\"@context\":\"https:\\\/\\\/schema.org\",\"@graph\":[{\"@type\":\"WebPage\",\"@id\":\"https:\\\/\\\/turc-export.fr\\\/index.php\\\/turc-export-commerce\\\/\",\"url\":\"https:\\\/\\\/turc-export.fr\\\/index.php\\\/turc-export-commerce\\\/\",\"name\":\"TURC EXPORT - Commerce\",\"isPartOf\":{\"@id\":\"https:\\\/\\\/turc-export.fr\\\/#website\"},\"primaryImageOfPage\":{\"@id\":\"https:\\\/\\\/turc-export.fr\\\/index.php\\\/turc-export-commerce\\\/#primaryimage\"},\"image\":{\"@id\":\"https:\\\/\\\/turc-export.fr\\\/index.php\\\/turc-export-commerce\\\/#primaryimage\"},\"thumbnailUrl\":\"https:\\\/\\\/turc-export.fr\\\/wp-content\\\/uploads\\\/2022\\\/06\\\/m-2-1024x768.jpg\",\"datePublished\":\"2022-06-01T08:01:36+00:00\",\"dateModified\":\"2022-06-30T11:36:08+00:00\",\"description\":\"TURC EXPORT, sp\u00e9cialiste du commerce de bovin, propose ses services depuis 1971, importe de France et exporte en Italie, localis\u00e9 \u00e0 Ambronay.\",\"breadcrumb\":{\"@id\":\"https:\\\/\\\/turc-export.fr\\\/index.php\\\/turc-export-commerce\\\/#breadcrumb\"},\"inLanguage\":\"fr-FR\",\"potentialAction\":[{\"@type\":\"ReadAction\",\"target\":[\"https:\\\/\\\/turc-export.fr\\\/index.php\\\/turc-export-commerce\\\/\"]}]},{\"@type\":\"ImageObject\",\"inLanguage\":\"fr-FR\",\"@id\":\"https:\\\/\\\/turc-export.fr\\\/index.php\\\/turc-export-commerce\\\/#primaryimage\",\"url\":\"https:\\\/\\\/turc-export.fr\\\/wp-content\\\/uploads\\\/2022\\\/06\\\/m-2.jpg\",\"contentUrl\":\"https:\\\/\\\/turc-export.fr\\\/wp-content\\\/uploads\\\/2022\\\/06\\\/m-2.jpg\",\"width\":1080,\"height\":810,\"caption\":\"COMMERCE DE BOVINS\"},{\"@type\":\"BreadcrumbList\",\"@id\":\"https:\\\/\\\/turc-export.fr\\\/index.php\\\/turc-export-commerce\\\/#breadcrumb\",\"itemListElement\":[{\"@type\":\"ListItem\",\"position\":1,\"name\":\"Accueil\",\"item\":\"https:\\\/\\\/turc-export.fr\\\/\"},{\"@type\":\"ListItem\",\"position\":2,\"name\":\"Commerce\"}]},{\"@type\":\"WebSite\",\"@id\":\"https:\\\/\\\/turc-export.fr\\\/#website\",\"url\":\"https:\\\/\\\/turc-export.fr\\\/\",\"name\":\"TURC EXPORT\",\"description\":\"\",\"publisher\":{\"@id\":\"https:\\\/\\\/turc-export.fr\\\/#organization\"},\"potentialAction\":[{\"@type\":\"SearchAction\",\"target\":{\"@type\":\"EntryPoint\",\"urlTemplate\":\"https:\\\/\\\/turc-export.fr\\\/?s={search_term_string}\"},\"query-input\":{\"@type\":\"PropertyValueSpecification\",\"valueRequired\":true,\"valueName\":\"search_term_string\"}}],\"inLanguage\":\"fr-FR\"},{\"@type\":\"Organization\",\"@id\":\"https:\\\/\\\/turc-export.fr\\\/#organization\",\"name\":\"SARL TURC EXPORT\",\"url\":\"https:\\\/\\\/turc-export.fr\\\/\",\"logo\":{\"@type\":\"ImageObject\",\"inLanguage\":\"fr-FR\",\"@id\":\"https:\\\/\\\/turc-export.fr\\\/#\\\/schema\\\/logo\\\/image\\\/\",\"url\":\"https:\\\/\\\/turc-export.fr\\\/wp-content\\\/uploads\\\/2022\\\/06\\\/Logo-1.png\",\"contentUrl\":\"https:\\\/\\\/turc-export.fr\\\/wp-content\\\/uploads\\\/2022\\\/06\\\/Logo-1.png\",\"width\":574,\"height\":574,\"caption\":\"SARL TURC EXPORT\"},\"image\":{\"@id\":\"https:\\\/\\\/turc-export.fr\\\/#\\\/schema\\\/logo\\\/image\\\/\"}}]}<\/script>\n<!-- \/ Yoast SEO plugin. -->","yoast_head_json":{"title":"TURC EXPORT - Commerce","description":"TURC EXPORT, sp\u00e9cialiste du commerce de bovin, propose ses services depuis 1971, importe de France et exporte en Italie, localis\u00e9 \u00e0 Ambronay.","robots":{"index":"index","follow":"follow","max-snippet":"max-snippet:-1","max-image-preview":"max-image-preview:large","max-video-preview":"max-video-preview:-1"},"canonical":"https:\/\/turc-export.fr\/index.php\/turc-export-commerce\/","og_locale":"fr_FR","og_type":"article","og_title":"TURC EXPORT - Commerce","og_description":"TURC EXPORT, sp\u00e9cialiste du commerce de bovin, propose ses services depuis 1971, importe de France et exporte en Italie, localis\u00e9 \u00e0 Ambronay.","og_url":"https:\/\/turc-export.fr\/index.php\/turc-export-commerce\/","og_site_name":"TURC EXPORT","article_modified_time":"2022-06-30T11:36:08+00:00","og_image":[{"url":"https:\/\/turc-export.fr\/wp-content\/uploads\/2022\/06\/m-2-1024x768.jpg","type":"","width":"","height":""}],"twitter_card":"summary_large_image","twitter_misc":{"Dur\u00e9e de lecture estim\u00e9e":"2 minutes"},"schema":{"@context":"https:\/\/schema.org","@graph":[{"@type":"WebPage","@id":"https:\/\/turc-export.fr\/index.php\/turc-export-commerce\/","url":"https:\/\/turc-export.fr\/index.php\/turc-export-commerce\/","name":"TURC EXPORT - Commerce","isPartOf":{"@id":"https:\/\/turc-export.fr\/#website"},"primaryImageOfPage":{"@id":"https:\/\/turc-export.fr\/index.php\/turc-export-commerce\/#primaryimage"},"image":{"@id":"https:\/\/turc-export.fr\/index.php\/turc-export-commerce\/#primaryimage"},"thumbnailUrl":"https:\/\/turc-export.fr\/wp-content\/uploads\/2022\/06\/m-2-1024x768.jpg","datePublished":"2022-06-01T08:01:36+00:00","dateModified":"2022-06-30T11:36:08+00:00","description":"TURC EXPORT, sp\u00e9cialiste du commerce de bovin, propose ses services depuis 1971, importe de France et exporte en Italie, localis\u00e9 \u00e0 Ambronay.","breadcrumb":{"@id":"https:\/\/turc-export.fr\/index.php\/turc-export-commerce\/#breadcrumb"},"inLanguage":"fr-FR","potentialAction":[{"@type":"ReadAction","target":["https:\/\/turc-export.fr\/index.php\/turc-export-commerce\/"]}]},{"@type":"ImageObject","inLanguage":"fr-FR","@id":"https:\/\/turc-export.fr\/index.php\/turc-export-commerce\/#primaryimage","url":"https:\/\/turc-export.fr\/wp-content\/uploads\/2022\/06\/m-2.jpg","contentUrl":"https:\/\/turc-export.fr\/wp-content\/uploads\/2022\/06\/m-2.jpg","width":1080,"height":810,"caption":"COMMERCE DE BOVINS"},{"@type":"BreadcrumbList","@id":"https:\/\/turc-export.fr\/index.php\/turc-export-commerce\/#breadcrumb","itemListElement":[{"@type":"ListItem","position":1,"name":"Accueil","item":"https:\/\/turc-export.fr\/"},{"@type":"ListItem","position":2,"name":"Commerce"}]},{"@type":"WebSite","@id":"https:\/\/turc-export.fr\/#website","url":"https:\/\/turc-export.fr\/","name":"TURC EXPORT","description":"","publisher":{"@id":"https:\/\/turc-export.fr\/#organization"},"potentialAction":[{"@type":"SearchAction","target":{"@type":"EntryPoint","urlTemplate":"https:\/\/turc-export.fr\/?s={search_term_string}"},"query-input":{"@type":"PropertyValueSpecification","valueRequired":true,"valueName":"search_term_string"}}],"inLanguage":"fr-FR"},{"@type":"Organization","@id":"https:\/\/turc-export.fr\/#organization","name":"SARL TURC EXPORT","url":"https:\/\/turc-export.fr\/","logo":{"@type":"ImageObject","inLanguage":"fr-FR","@id":"https:\/\/turc-export.fr\/#\/schema\/logo\/image\/","url":"https:\/\/turc-export.fr\/wp-content\/uploads\/2022\/06\/Logo-1.png","contentUrl":"https:\/\/turc-export.fr\/wp-content\/uploads\/2022\/06\/Logo-1.png","width":574,"height":574,"caption":"SARL TURC EXPORT"},"image":{"@id":"https:\/\/turc-export.fr\/#\/schema\/logo\/image\/"}}]}},"_links":{"self":[{"href":"https:\/\/turc-export.fr\/index.php\/wp-json\/wp\/v2\/pages\/34","targetHints":{"allow":["GET"]}}],"collection":[{"href":"https:\/\/turc-export.fr\/index.php\/wp-json\/wp\/v2\/pages"}],"about":[{"href":"https:\/\/turc-export.fr\/index.php\/wp-json\/wp\/v2\/types\/page"}],"author":[{"embeddable":true,"href":"https:\/\/turc-export.fr\/index.php\/wp-json\/wp\/v2\/users\/1"}],"replies":[{"embeddable":true,"href":"https:\/\/turc-export.fr\/index.php\/wp-json\/wp\/v2\/comments?post=34"}],"version-history":[{"count":64,"href":"https:\/\/turc-export.fr\/index.php\/wp-json\/wp\/v2\/pages\/34\/revisions"}],"predecessor-version":[{"id":654,"href":"https:\/\/turc-export.fr\/index.php\/wp-json\/wp\/v2\/pages\/34\/revisions\/654"}],"wp:attachment":[{"href":"https:\/\/turc-export.fr\/index.php\/wp-json\/wp\/v2\/media?parent=34"}],"curies":[{"name":"wp","href":"https:\/\/api.w.org\/{rel}","templated":true}]}}