{"id":35,"date":"2022-06-01T10:01:36","date_gmt":"2022-06-01T08:01:36","guid":{"rendered":"http:\/\/turc-export.fr\/?page_id=35"},"modified":"2022-06-30T13:38:06","modified_gmt":"2022-06-30T11:38:06","slug":"transit","status":"publish","type":"page","link":"https:\/\/turc-export.fr\/index.php\/transit\/","title":{"rendered":"Transit"},"content":{"rendered":"\n<h2 class=\"wp-block-heading\">\u00c0 propos de notre transit<\/h2>\n\n\n\n<p>TURC EXPORT souhaite d\u00e9velopper d&rsquo;autres activit\u00e9s que le <a href=\"https:\/\/turc-export.fr\/index.php\/turc-export-commerce\/\">commerce<\/a>, comme le transit (h\u00e9bergement). <\/p>\n\n\n\n<div class=\"wp-block-media-text alignwide has-media-on-the-right is-stacked-on-mobile\" style=\"grid-template-columns:auto 43%\"><figure class=\"wp-block-media-text__media\"><img loading=\"lazy\" decoding=\"async\" width=\"1024\" height=\"768\" src=\"https:\/\/turc-export.fr\/wp-content\/uploads\/2022\/06\/l-2-1024x768.jpg\" alt=\"HERBERGEMENT &amp; TRANSIT infrastructures\" class=\"wp-image-609 size-full\" srcset=\"https:\/\/turc-export.fr\/wp-content\/uploads\/2022\/06\/l-2-1024x768.jpg 1024w, https:\/\/turc-export.fr\/wp-content\/uploads\/2022\/06\/l-2-300x225.jpg 300w, https:\/\/turc-export.fr\/wp-content\/uploads\/2022\/06\/l-2-768x576.jpg 768w, https:\/\/turc-export.fr\/wp-content\/uploads\/2022\/06\/l-2-1536x1152.jpg 1536w, https:\/\/turc-export.fr\/wp-content\/uploads\/2022\/06\/l-2-2048x1536.jpg 2048w\" sizes=\"auto, (max-width: 1024px) 100vw, 1024px\" \/><\/figure><div class=\"wp-block-media-text__content\">\n<p>Nos <a href=\"https:\/\/turc-export.fr\/index.php\/galerie-photo\/\">infrastructures<\/a> permettent d&rsquo;accueillir du b\u00e9tail \u00e0 la demande car nous disposons de l&rsquo;agr\u00e9ment de transit qui nous autorise \u00e0 h\u00e9berger vos b\u00eates en respectant la <a href=\"https:\/\/draaf.occitanie.agriculture.gouv.fr\/loi-de-sante-animale-europeenne-2021-r1238.html\" target=\"_blank\" rel=\"noreferrer noopener\">loi de sant\u00e9 animale<\/a>.<\/p>\n\n\n\n<p>Celles-ci sont adapt\u00e9es pour satisfaire les besoins en nourriture, eau et savoir-faire \u00e0 l&rsquo;accueil des bovins.<\/p>\n<\/div><\/div>\n\n\n\n<div style=\"height:30px\" aria-hidden=\"true\" class=\"wp-block-spacer\"><\/div>\n\n\n\n<h3 class=\"wp-block-heading\">Localisation de nos infrastructures d&rsquo;h\u00e9bergement :<\/h3>\n\n\n<p><iframe src=\"https:\/\/www.google.com\/maps\/embed?pb=!1m18!1m12!1m3!1d2826593.999530754!2d2.7911924188608945!3d46.22346952877742!2m3!1f0!2f0!3f0!3m2!1i1024!2i768!4f13.1!3m3!1m2!1s0x478b53e8927a03f1%3A0xe18ba77280d524cf!2sTURC%20EXPORT!5e0!3m2!1sfr!2sfr!4v1656426682052!5m2!1sfr!2sfr\" width=\"600\" height=\"450\" style=\"border:0;\" allowfullscreen=\"\" loading=\"lazy\" referrerpolicy=\"no-referrer-when-downgrade\"><\/iframe><\/p>\n\n\n\n<hr class=\"wp-block-separator has-alpha-channel-opacity is-style-dots\"\/>\n\n\n\n<div style=\"height:20px\" aria-hidden=\"true\" class=\"wp-block-spacer\"><\/div>\n\n\n\n<h2 class=\"wp-block-heading\">Transit commercial<\/h2>\n\n\n\n<p>Nous sommes ouvert \u00e0 toute d\u00e9marche de n\u00e9gociation si vous souhaitez h\u00e9berger une ou plusieurs de vos b\u00eates dans nos \u00e9tablissements.<\/p>\n\n\n\n<p>Par cons\u00e9quent n&rsquo;h\u00e9sitez pas \u00e0 <a data-type=\"URL\" data-id=\"https:\/\/turc-export.fr\/index.php\/contact\/\" href=\"https:\/\/turc-export.fr\/index.php\/contact\/\">nous contacter<\/a>.<\/p>\n","protected":false},"excerpt":{"rendered":"<p>\u00c0 propos de notre transit TURC EXPORT souhaite d\u00e9velopper d&rsquo;autres activit\u00e9s que le commerce, comme le transit (h\u00e9bergement). Nos infrastructures permettent d&rsquo;accueillir du b\u00e9tail \u00e0 la demande car nous disposons de l&rsquo;agr\u00e9ment de transit qui nous autorise \u00e0 h\u00e9berger vos b\u00eates en respectant la loi de sant\u00e9 animale. Celles-ci sont adapt\u00e9es pour satisfaire les besoins [&hellip;]<\/p>\n","protected":false},"author":1,"featured_media":0,"parent":0,"menu_order":0,"comment_status":"closed","ping_status":"closed","template":"","meta":{"footnotes":""},"class_list":["post-35","page","type-page","status-publish","hentry"],"yoast_head":"<!-- This site is optimized with the Yoast SEO plugin v27.4 - https:\/\/yoast.com\/product\/yoast-seo-wordpress\/ -->\n<title>TURC EXPORT - Transit &amp; H\u00e9bergement<\/title>\n<meta name=\"description\" content=\"TURC EXPORT, transit et h\u00e9bergement de vos b\u00eates, propose ses services depuis 1971. Localis\u00e9 \u00e0 Ambronay proche de Lyon, situ\u00e9 en France.\" \/>\n<meta name=\"robots\" content=\"index, follow, max-snippet:-1, max-image-preview:large, max-video-preview:-1\" \/>\n<link rel=\"canonical\" href=\"https:\/\/turc-export.fr\/index.php\/transit\/\" \/>\n<meta property=\"og:locale\" content=\"fr_FR\" \/>\n<meta property=\"og:type\" content=\"article\" \/>\n<meta property=\"og:title\" content=\"TURC EXPORT - Transit &amp; H\u00e9bergement\" \/>\n<meta property=\"og:description\" content=\"TURC EXPORT, transit et h\u00e9bergement de vos b\u00eates, propose ses services depuis 1971. Localis\u00e9 \u00e0 Ambronay proche de Lyon, situ\u00e9 en France.\" \/>\n<meta property=\"og:url\" content=\"https:\/\/turc-export.fr\/index.php\/transit\/\" \/>\n<meta property=\"og:site_name\" content=\"TURC EXPORT\" \/>\n<meta property=\"article:modified_time\" content=\"2022-06-30T11:38:06+00:00\" \/>\n<meta property=\"og:image\" content=\"https:\/\/turc-export.fr\/wp-content\/uploads\/2022\/06\/l-2-1024x768.jpg\" \/>\n<meta name=\"twitter:card\" content=\"summary_large_image\" \/>\n<meta name=\"twitter:label1\" content=\"Dur\u00e9e de lecture estim\u00e9e\" \/>\n\t<meta name=\"twitter:data1\" content=\"1 minute\" \/>\n<script type=\"application\/ld+json\" class=\"yoast-schema-graph\">{\"@context\":\"https:\\\/\\\/schema.org\",\"@graph\":[{\"@type\":\"WebPage\",\"@id\":\"https:\\\/\\\/turc-export.fr\\\/index.php\\\/transit\\\/\",\"url\":\"https:\\\/\\\/turc-export.fr\\\/index.php\\\/transit\\\/\",\"name\":\"TURC EXPORT - Transit & H\u00e9bergement\",\"isPartOf\":{\"@id\":\"https:\\\/\\\/turc-export.fr\\\/#website\"},\"primaryImageOfPage\":{\"@id\":\"https:\\\/\\\/turc-export.fr\\\/index.php\\\/transit\\\/#primaryimage\"},\"image\":{\"@id\":\"https:\\\/\\\/turc-export.fr\\\/index.php\\\/transit\\\/#primaryimage\"},\"thumbnailUrl\":\"https:\\\/\\\/turc-export.fr\\\/wp-content\\\/uploads\\\/2022\\\/06\\\/l-2-1024x768.jpg\",\"datePublished\":\"2022-06-01T08:01:36+00:00\",\"dateModified\":\"2022-06-30T11:38:06+00:00\",\"description\":\"TURC EXPORT, transit et h\u00e9bergement de vos b\u00eates, propose ses services depuis 1971. Localis\u00e9 \u00e0 Ambronay proche de Lyon, situ\u00e9 en France.\",\"breadcrumb\":{\"@id\":\"https:\\\/\\\/turc-export.fr\\\/index.php\\\/transit\\\/#breadcrumb\"},\"inLanguage\":\"fr-FR\",\"potentialAction\":[{\"@type\":\"ReadAction\",\"target\":[\"https:\\\/\\\/turc-export.fr\\\/index.php\\\/transit\\\/\"]}]},{\"@type\":\"ImageObject\",\"inLanguage\":\"fr-FR\",\"@id\":\"https:\\\/\\\/turc-export.fr\\\/index.php\\\/transit\\\/#primaryimage\",\"url\":\"https:\\\/\\\/turc-export.fr\\\/wp-content\\\/uploads\\\/2022\\\/06\\\/l-2-scaled.jpg\",\"contentUrl\":\"https:\\\/\\\/turc-export.fr\\\/wp-content\\\/uploads\\\/2022\\\/06\\\/l-2-scaled.jpg\",\"width\":2560,\"height\":1920,\"caption\":\"HERBERGEMENT & TRANSIT infrastructures\"},{\"@type\":\"BreadcrumbList\",\"@id\":\"https:\\\/\\\/turc-export.fr\\\/index.php\\\/transit\\\/#breadcrumb\",\"itemListElement\":[{\"@type\":\"ListItem\",\"position\":1,\"name\":\"Accueil\",\"item\":\"https:\\\/\\\/turc-export.fr\\\/\"},{\"@type\":\"ListItem\",\"position\":2,\"name\":\"Transit\"}]},{\"@type\":\"WebSite\",\"@id\":\"https:\\\/\\\/turc-export.fr\\\/#website\",\"url\":\"https:\\\/\\\/turc-export.fr\\\/\",\"name\":\"TURC EXPORT\",\"description\":\"\",\"publisher\":{\"@id\":\"https:\\\/\\\/turc-export.fr\\\/#organization\"},\"potentialAction\":[{\"@type\":\"SearchAction\",\"target\":{\"@type\":\"EntryPoint\",\"urlTemplate\":\"https:\\\/\\\/turc-export.fr\\\/?s={search_term_string}\"},\"query-input\":{\"@type\":\"PropertyValueSpecification\",\"valueRequired\":true,\"valueName\":\"search_term_string\"}}],\"inLanguage\":\"fr-FR\"},{\"@type\":\"Organization\",\"@id\":\"https:\\\/\\\/turc-export.fr\\\/#organization\",\"name\":\"SARL TURC EXPORT\",\"url\":\"https:\\\/\\\/turc-export.fr\\\/\",\"logo\":{\"@type\":\"ImageObject\",\"inLanguage\":\"fr-FR\",\"@id\":\"https:\\\/\\\/turc-export.fr\\\/#\\\/schema\\\/logo\\\/image\\\/\",\"url\":\"https:\\\/\\\/turc-export.fr\\\/wp-content\\\/uploads\\\/2022\\\/06\\\/Logo-1.png\",\"contentUrl\":\"https:\\\/\\\/turc-export.fr\\\/wp-content\\\/uploads\\\/2022\\\/06\\\/Logo-1.png\",\"width\":574,\"height\":574,\"caption\":\"SARL TURC EXPORT\"},\"image\":{\"@id\":\"https:\\\/\\\/turc-export.fr\\\/#\\\/schema\\\/logo\\\/image\\\/\"}}]}<\/script>\n<!-- \/ Yoast SEO plugin. -->","yoast_head_json":{"title":"TURC EXPORT - Transit & H\u00e9bergement","description":"TURC EXPORT, transit et h\u00e9bergement de vos b\u00eates, propose ses services depuis 1971. Localis\u00e9 \u00e0 Ambronay proche de Lyon, situ\u00e9 en France.","robots":{"index":"index","follow":"follow","max-snippet":"max-snippet:-1","max-image-preview":"max-image-preview:large","max-video-preview":"max-video-preview:-1"},"canonical":"https:\/\/turc-export.fr\/index.php\/transit\/","og_locale":"fr_FR","og_type":"article","og_title":"TURC EXPORT - Transit & H\u00e9bergement","og_description":"TURC EXPORT, transit et h\u00e9bergement de vos b\u00eates, propose ses services depuis 1971. Localis\u00e9 \u00e0 Ambronay proche de Lyon, situ\u00e9 en France.","og_url":"https:\/\/turc-export.fr\/index.php\/transit\/","og_site_name":"TURC EXPORT","article_modified_time":"2022-06-30T11:38:06+00:00","og_image":[{"url":"https:\/\/turc-export.fr\/wp-content\/uploads\/2022\/06\/l-2-1024x768.jpg","type":"","width":"","height":""}],"twitter_card":"summary_large_image","twitter_misc":{"Dur\u00e9e de lecture estim\u00e9e":"1 minute"},"schema":{"@context":"https:\/\/schema.org","@graph":[{"@type":"WebPage","@id":"https:\/\/turc-export.fr\/index.php\/transit\/","url":"https:\/\/turc-export.fr\/index.php\/transit\/","name":"TURC EXPORT - Transit & H\u00e9bergement","isPartOf":{"@id":"https:\/\/turc-export.fr\/#website"},"primaryImageOfPage":{"@id":"https:\/\/turc-export.fr\/index.php\/transit\/#primaryimage"},"image":{"@id":"https:\/\/turc-export.fr\/index.php\/transit\/#primaryimage"},"thumbnailUrl":"https:\/\/turc-export.fr\/wp-content\/uploads\/2022\/06\/l-2-1024x768.jpg","datePublished":"2022-06-01T08:01:36+00:00","dateModified":"2022-06-30T11:38:06+00:00","description":"TURC EXPORT, transit et h\u00e9bergement de vos b\u00eates, propose ses services depuis 1971. Localis\u00e9 \u00e0 Ambronay proche de Lyon, situ\u00e9 en France.","breadcrumb":{"@id":"https:\/\/turc-export.fr\/index.php\/transit\/#breadcrumb"},"inLanguage":"fr-FR","potentialAction":[{"@type":"ReadAction","target":["https:\/\/turc-export.fr\/index.php\/transit\/"]}]},{"@type":"ImageObject","inLanguage":"fr-FR","@id":"https:\/\/turc-export.fr\/index.php\/transit\/#primaryimage","url":"https:\/\/turc-export.fr\/wp-content\/uploads\/2022\/06\/l-2-scaled.jpg","contentUrl":"https:\/\/turc-export.fr\/wp-content\/uploads\/2022\/06\/l-2-scaled.jpg","width":2560,"height":1920,"caption":"HERBERGEMENT & TRANSIT infrastructures"},{"@type":"BreadcrumbList","@id":"https:\/\/turc-export.fr\/index.php\/transit\/#breadcrumb","itemListElement":[{"@type":"ListItem","position":1,"name":"Accueil","item":"https:\/\/turc-export.fr\/"},{"@type":"ListItem","position":2,"name":"Transit"}]},{"@type":"WebSite","@id":"https:\/\/turc-export.fr\/#website","url":"https:\/\/turc-export.fr\/","name":"TURC EXPORT","description":"","publisher":{"@id":"https:\/\/turc-export.fr\/#organization"},"potentialAction":[{"@type":"SearchAction","target":{"@type":"EntryPoint","urlTemplate":"https:\/\/turc-export.fr\/?s={search_term_string}"},"query-input":{"@type":"PropertyValueSpecification","valueRequired":true,"valueName":"search_term_string"}}],"inLanguage":"fr-FR"},{"@type":"Organization","@id":"https:\/\/turc-export.fr\/#organization","name":"SARL TURC EXPORT","url":"https:\/\/turc-export.fr\/","logo":{"@type":"ImageObject","inLanguage":"fr-FR","@id":"https:\/\/turc-export.fr\/#\/schema\/logo\/image\/","url":"https:\/\/turc-export.fr\/wp-content\/uploads\/2022\/06\/Logo-1.png","contentUrl":"https:\/\/turc-export.fr\/wp-content\/uploads\/2022\/06\/Logo-1.png","width":574,"height":574,"caption":"SARL TURC EXPORT"},"image":{"@id":"https:\/\/turc-export.fr\/#\/schema\/logo\/image\/"}}]}},"_links":{"self":[{"href":"https:\/\/turc-export.fr\/index.php\/wp-json\/wp\/v2\/pages\/35","targetHints":{"allow":["GET"]}}],"collection":[{"href":"https:\/\/turc-export.fr\/index.php\/wp-json\/wp\/v2\/pages"}],"about":[{"href":"https:\/\/turc-export.fr\/index.php\/wp-json\/wp\/v2\/types\/page"}],"author":[{"embeddable":true,"href":"https:\/\/turc-export.fr\/index.php\/wp-json\/wp\/v2\/users\/1"}],"replies":[{"embeddable":true,"href":"https:\/\/turc-export.fr\/index.php\/wp-json\/wp\/v2\/comments?post=35"}],"version-history":[{"count":52,"href":"https:\/\/turc-export.fr\/index.php\/wp-json\/wp\/v2\/pages\/35\/revisions"}],"predecessor-version":[{"id":653,"href":"https:\/\/turc-export.fr\/index.php\/wp-json\/wp\/v2\/pages\/35\/revisions\/653"}],"wp:attachment":[{"href":"https:\/\/turc-export.fr\/index.php\/wp-json\/wp\/v2\/media?parent=35"}],"curies":[{"name":"wp","href":"https:\/\/api.w.org\/{rel}","templated":true}]}}