{"id":37,"date":"2022-06-01T10:01:36","date_gmt":"2022-06-01T08:01:36","guid":{"rendered":"http:\/\/turc-export.fr\/?page_id=37"},"modified":"2022-06-30T13:39:56","modified_gmt":"2022-06-30T11:39:56","slug":"contact","status":"publish","type":"page","link":"https:\/\/turc-export.fr\/index.php\/contact\/","title":{"rendered":"Contact"},"content":{"rendered":"\n<h2 class=\"wp-block-heading\">\u00c0 propos de nous<\/h2>\n\n\n\n<div class=\"wp-block-group alignwide\"><div class=\"wp-block-group__inner-container is-layout-flow wp-block-group-is-layout-flow\">\n<div class=\"wp-block-group alignwide\"><div class=\"wp-block-group__inner-container is-layout-flow wp-block-group-is-layout-flow\">\n<div class=\"wp-block-media-text alignwide is-stacked-on-mobile\" style=\"grid-template-columns:15% auto\"><figure class=\"wp-block-media-text__media\"><img loading=\"lazy\" decoding=\"async\" width=\"500\" height=\"500\" src=\"https:\/\/turc-export.fr\/wp-content\/uploads\/2022\/06\/identite-1.png\" alt=\"TURC EXPORT contact : Repr\u00e9sentants l\u00e9gaux\" class=\"wp-image-197 size-full\" srcset=\"https:\/\/turc-export.fr\/wp-content\/uploads\/2022\/06\/identite-1.png 500w, https:\/\/turc-export.fr\/wp-content\/uploads\/2022\/06\/identite-1-300x300.png 300w, https:\/\/turc-export.fr\/wp-content\/uploads\/2022\/06\/identite-1-150x150.png 150w\" sizes=\"auto, (max-width: 500px) 100vw, 500px\" \/><\/figure><div class=\"wp-block-media-text__content\">\n<p style=\"font-size:25px\">Repr\u00e9sentants l\u00e9gaux :<\/p>\n\n\n\n<p style=\"font-size:25px\"><strong><em>Jean-Fran\u00e7ois Turc<\/em><\/strong> <em>&amp;<\/em><strong> <em>Jean-Philippe Turc<\/em><\/strong><\/p>\n<\/div><\/div>\n<\/div><\/div>\n\n\n\n<div class=\"wp-block-group alignwide\"><div class=\"wp-block-group__inner-container is-layout-flow wp-block-group-is-layout-flow\">\n<div class=\"wp-block-media-text alignwide is-stacked-on-mobile is-vertically-aligned-center\" style=\"grid-template-columns:15% auto\"><figure class=\"wp-block-media-text__media\"><img loading=\"lazy\" decoding=\"async\" width=\"500\" height=\"500\" src=\"https:\/\/turc-export.fr\/wp-content\/uploads\/2022\/06\/phone-2.png\" alt=\"TURC EXPORT contact : Portable &amp; Bureau\" class=\"wp-image-198 size-full\" srcset=\"https:\/\/turc-export.fr\/wp-content\/uploads\/2022\/06\/phone-2.png 500w, https:\/\/turc-export.fr\/wp-content\/uploads\/2022\/06\/phone-2-300x300.png 300w, https:\/\/turc-export.fr\/wp-content\/uploads\/2022\/06\/phone-2-150x150.png 150w\" sizes=\"auto, (max-width: 500px) 100vw, 500px\" \/><\/figure><div class=\"wp-block-media-text__content\">\n<p style=\"font-size:25px\">Portable (Jean-Philippe) &amp; Bureau :<\/p>\n\n\n\n<p style=\"font-size:25px\"><strong><em>06 89 97 70 99<\/em><\/strong> <em>\/<\/em><strong> <em>04 74 38 08 44<\/em><\/strong><\/p>\n<\/div><\/div>\n<\/div><\/div>\n\n\n\n<div class=\"wp-block-group alignwide\"><div class=\"wp-block-group__inner-container is-layout-flow wp-block-group-is-layout-flow\">\n<div class=\"wp-block-media-text alignwide is-stacked-on-mobile is-vertically-aligned-center\" style=\"grid-template-columns:15% auto\"><figure class=\"wp-block-media-text__media\"><img loading=\"lazy\" decoding=\"async\" width=\"500\" height=\"500\" src=\"https:\/\/turc-export.fr\/wp-content\/uploads\/2022\/06\/mail-1.png\" alt=\"TURC EXPORT contact : Adresse mail\" class=\"wp-image-199 size-thumbnail\" srcset=\"https:\/\/turc-export.fr\/wp-content\/uploads\/2022\/06\/mail-1.png 500w, https:\/\/turc-export.fr\/wp-content\/uploads\/2022\/06\/mail-1-300x300.png 300w, https:\/\/turc-export.fr\/wp-content\/uploads\/2022\/06\/mail-1-150x150.png 150w\" sizes=\"auto, (max-width: 500px) 100vw, 500px\" \/><\/figure><div class=\"wp-block-media-text__content\">\n<p style=\"font-size:25px\">Adresse mail :<\/p>\n\n\n\n<p style=\"font-size:25px\"><strong><em>jeanphiturc@orange.fr<\/em><\/strong><\/p>\n<\/div><\/div>\n<\/div><\/div>\n<\/div><\/div>\n\n\n\n<hr class=\"wp-block-separator has-alpha-channel-opacity is-style-dots\"\/>\n\n\n\n<h2 class=\"wp-block-heading\">Nos horaires d&rsquo;ouverture<\/h2>\n\n\n\n<p><strong>Entreprise ouverte et joignable par t\u00e9l\u00e9phone :<\/strong><\/p>\n\n\n\n<p class=\"has-text-align-center\"><em>Lundi :<\/em><\/p>\n\n\n\n<p class=\"has-text-align-center\"> <strong>7h30 \u00e0 12h | 14h \u00e0 19h<\/strong><\/p>\n\n\n\n<p class=\"has-text-align-center\"><em>Mardi :<\/em><\/p>\n\n\n\n<p class=\"has-text-align-center\"> <strong>7h30 \u00e0 12h | 14h \u00e0 19h<\/strong><\/p>\n\n\n\n<p class=\"has-text-align-center\"><em>Mercredi :<\/em><\/p>\n\n\n\n<p class=\"has-text-align-center\"> <strong>7h30 \u00e0 12h<b> | <\/b>14h \u00e0 19h<\/strong><\/p>\n\n\n\n<p class=\"has-text-align-center\"><em>Jeudi :<\/em><\/p>\n\n\n\n<p class=\"has-text-align-center\"> <strong>7h30 \u00e0 12h | 14h \u00e0 19h<\/strong><\/p>\n\n\n\n<p class=\"has-text-align-center\"><em>Vendredi :<\/em><\/p>\n\n\n\n<p class=\"has-text-align-center\"> <strong>7h30 \u00e0 12h | 14h \u00e0 19h<\/strong><\/p>\n\n\n\n<p class=\"has-text-align-center\"><em>Samedi &amp; dimanche : <\/em><\/p>\n\n\n\n<p class=\"has-text-align-center\"> <strong>Laisser ou \u00e9crire un message<\/strong><\/p>\n\n\n\n<hr class=\"wp-block-separator has-alpha-channel-opacity is-style-dots\"\/>\n\n\n\n<h2 class=\"wp-block-heading\">Notre localisation<\/h2>\n\n\n<p><iframe src=\"https:\/\/www.google.com\/maps\/embed?pb=!1m18!1m12!1m3!1d2826593.999530754!2d2.7911924188608945!3d46.22346952877742!2m3!1f0!2f0!3f0!3m2!1i1024!2i768!4f13.1!3m3!1m2!1s0x478b53e8927a03f1%3A0xe18ba77280d524cf!2sTURC%20EXPORT!5e0!3m2!1sfr!2sfr!4v1656426682052!5m2!1sfr!2sfr\" width=\"600\" height=\"450\" style=\"border:0;\" allowfullscreen=\"\" loading=\"lazy\" referrerpolicy=\"no-referrer-when-downgrade\"><\/iframe><\/p>\n","protected":false},"excerpt":{"rendered":"<p>\u00c0 propos de nous Repr\u00e9sentants l\u00e9gaux : Jean-Fran\u00e7ois Turc &amp; Jean-Philippe Turc Portable (Jean-Philippe) &amp; Bureau : 06 89 97 70 99 \/ 04 74 38 08 44 Adresse mail : jeanphiturc@orange.fr Nos horaires d&rsquo;ouverture Entreprise ouverte et joignable par t\u00e9l\u00e9phone : Lundi : 7h30 \u00e0 12h | 14h \u00e0 19h Mardi : 7h30 \u00e0 [&hellip;]<\/p>\n","protected":false},"author":1,"featured_media":0,"parent":0,"menu_order":0,"comment_status":"closed","ping_status":"closed","template":"","meta":{"footnotes":""},"class_list":["post-37","page","type-page","status-publish","hentry"],"yoast_head":"<!-- This site is optimized with the Yoast SEO plugin v27.4 - https:\/\/yoast.com\/product\/yoast-seo-wordpress\/ -->\n<title>TURC EXPORT - Contact<\/title>\n<meta name=\"description\" content=\"Pour contacter l&#039;entreprise TURC EXPORT, voici des informations importantes : t\u00e9l\u00e9phone, adresse mail, localisation et horaires.\" \/>\n<meta name=\"robots\" content=\"index, follow, max-snippet:-1, max-image-preview:large, max-video-preview:-1\" \/>\n<link rel=\"canonical\" href=\"https:\/\/turc-export.fr\/index.php\/contact\/\" \/>\n<meta property=\"og:locale\" content=\"fr_FR\" \/>\n<meta property=\"og:type\" content=\"article\" \/>\n<meta property=\"og:title\" content=\"TURC EXPORT - Contact\" \/>\n<meta property=\"og:description\" content=\"Pour contacter l&#039;entreprise TURC EXPORT, voici des informations importantes : t\u00e9l\u00e9phone, adresse mail, localisation et horaires.\" \/>\n<meta property=\"og:url\" content=\"https:\/\/turc-export.fr\/index.php\/contact\/\" \/>\n<meta property=\"og:site_name\" content=\"TURC EXPORT\" \/>\n<meta property=\"article:modified_time\" content=\"2022-06-30T11:39:56+00:00\" \/>\n<meta property=\"og:image\" content=\"https:\/\/turc-export.fr\/wp-content\/uploads\/2022\/06\/identite-1.png\" \/>\n<meta name=\"twitter:card\" content=\"summary_large_image\" \/>\n<meta name=\"twitter:label1\" content=\"Dur\u00e9e de lecture estim\u00e9e\" \/>\n\t<meta name=\"twitter:data1\" content=\"2 minutes\" \/>\n<script type=\"application\/ld+json\" class=\"yoast-schema-graph\">{\"@context\":\"https:\\\/\\\/schema.org\",\"@graph\":[{\"@type\":[\"WebPage\",\"ContactPage\"],\"@id\":\"https:\\\/\\\/turc-export.fr\\\/index.php\\\/contact\\\/\",\"url\":\"https:\\\/\\\/turc-export.fr\\\/index.php\\\/contact\\\/\",\"name\":\"TURC EXPORT - Contact\",\"isPartOf\":{\"@id\":\"https:\\\/\\\/turc-export.fr\\\/#website\"},\"primaryImageOfPage\":{\"@id\":\"https:\\\/\\\/turc-export.fr\\\/index.php\\\/contact\\\/#primaryimage\"},\"image\":{\"@id\":\"https:\\\/\\\/turc-export.fr\\\/index.php\\\/contact\\\/#primaryimage\"},\"thumbnailUrl\":\"https:\\\/\\\/turc-export.fr\\\/wp-content\\\/uploads\\\/2022\\\/06\\\/identite-1.png\",\"datePublished\":\"2022-06-01T08:01:36+00:00\",\"dateModified\":\"2022-06-30T11:39:56+00:00\",\"description\":\"Pour contacter l'entreprise TURC EXPORT, voici des informations importantes : t\u00e9l\u00e9phone, adresse mail, localisation et horaires.\",\"breadcrumb\":{\"@id\":\"https:\\\/\\\/turc-export.fr\\\/index.php\\\/contact\\\/#breadcrumb\"},\"inLanguage\":\"fr-FR\",\"potentialAction\":[{\"@type\":\"ReadAction\",\"target\":[\"https:\\\/\\\/turc-export.fr\\\/index.php\\\/contact\\\/\"]}]},{\"@type\":\"ImageObject\",\"inLanguage\":\"fr-FR\",\"@id\":\"https:\\\/\\\/turc-export.fr\\\/index.php\\\/contact\\\/#primaryimage\",\"url\":\"https:\\\/\\\/turc-export.fr\\\/wp-content\\\/uploads\\\/2022\\\/06\\\/identite-1.png\",\"contentUrl\":\"https:\\\/\\\/turc-export.fr\\\/wp-content\\\/uploads\\\/2022\\\/06\\\/identite-1.png\",\"width\":500,\"height\":500,\"caption\":\"TURC EXPORT contact : Repr\u00e9sentants l\u00e9gaux\"},{\"@type\":\"BreadcrumbList\",\"@id\":\"https:\\\/\\\/turc-export.fr\\\/index.php\\\/contact\\\/#breadcrumb\",\"itemListElement\":[{\"@type\":\"ListItem\",\"position\":1,\"name\":\"Accueil\",\"item\":\"https:\\\/\\\/turc-export.fr\\\/\"},{\"@type\":\"ListItem\",\"position\":2,\"name\":\"Contact\"}]},{\"@type\":\"WebSite\",\"@id\":\"https:\\\/\\\/turc-export.fr\\\/#website\",\"url\":\"https:\\\/\\\/turc-export.fr\\\/\",\"name\":\"TURC EXPORT\",\"description\":\"\",\"publisher\":{\"@id\":\"https:\\\/\\\/turc-export.fr\\\/#organization\"},\"potentialAction\":[{\"@type\":\"SearchAction\",\"target\":{\"@type\":\"EntryPoint\",\"urlTemplate\":\"https:\\\/\\\/turc-export.fr\\\/?s={search_term_string}\"},\"query-input\":{\"@type\":\"PropertyValueSpecification\",\"valueRequired\":true,\"valueName\":\"search_term_string\"}}],\"inLanguage\":\"fr-FR\"},{\"@type\":\"Organization\",\"@id\":\"https:\\\/\\\/turc-export.fr\\\/#organization\",\"name\":\"SARL TURC EXPORT\",\"url\":\"https:\\\/\\\/turc-export.fr\\\/\",\"logo\":{\"@type\":\"ImageObject\",\"inLanguage\":\"fr-FR\",\"@id\":\"https:\\\/\\\/turc-export.fr\\\/#\\\/schema\\\/logo\\\/image\\\/\",\"url\":\"https:\\\/\\\/turc-export.fr\\\/wp-content\\\/uploads\\\/2022\\\/06\\\/Logo-1.png\",\"contentUrl\":\"https:\\\/\\\/turc-export.fr\\\/wp-content\\\/uploads\\\/2022\\\/06\\\/Logo-1.png\",\"width\":574,\"height\":574,\"caption\":\"SARL TURC EXPORT\"},\"image\":{\"@id\":\"https:\\\/\\\/turc-export.fr\\\/#\\\/schema\\\/logo\\\/image\\\/\"}}]}<\/script>\n<!-- \/ Yoast SEO plugin. -->","yoast_head_json":{"title":"TURC EXPORT - Contact","description":"Pour contacter l'entreprise TURC EXPORT, voici des informations importantes : t\u00e9l\u00e9phone, adresse mail, localisation et horaires.","robots":{"index":"index","follow":"follow","max-snippet":"max-snippet:-1","max-image-preview":"max-image-preview:large","max-video-preview":"max-video-preview:-1"},"canonical":"https:\/\/turc-export.fr\/index.php\/contact\/","og_locale":"fr_FR","og_type":"article","og_title":"TURC EXPORT - Contact","og_description":"Pour contacter l'entreprise TURC EXPORT, voici des informations importantes : t\u00e9l\u00e9phone, adresse mail, localisation et horaires.","og_url":"https:\/\/turc-export.fr\/index.php\/contact\/","og_site_name":"TURC EXPORT","article_modified_time":"2022-06-30T11:39:56+00:00","og_image":[{"url":"https:\/\/turc-export.fr\/wp-content\/uploads\/2022\/06\/identite-1.png","type":"","width":"","height":""}],"twitter_card":"summary_large_image","twitter_misc":{"Dur\u00e9e de lecture estim\u00e9e":"2 minutes"},"schema":{"@context":"https:\/\/schema.org","@graph":[{"@type":["WebPage","ContactPage"],"@id":"https:\/\/turc-export.fr\/index.php\/contact\/","url":"https:\/\/turc-export.fr\/index.php\/contact\/","name":"TURC EXPORT - Contact","isPartOf":{"@id":"https:\/\/turc-export.fr\/#website"},"primaryImageOfPage":{"@id":"https:\/\/turc-export.fr\/index.php\/contact\/#primaryimage"},"image":{"@id":"https:\/\/turc-export.fr\/index.php\/contact\/#primaryimage"},"thumbnailUrl":"https:\/\/turc-export.fr\/wp-content\/uploads\/2022\/06\/identite-1.png","datePublished":"2022-06-01T08:01:36+00:00","dateModified":"2022-06-30T11:39:56+00:00","description":"Pour contacter l'entreprise TURC EXPORT, voici des informations importantes : t\u00e9l\u00e9phone, adresse mail, localisation et horaires.","breadcrumb":{"@id":"https:\/\/turc-export.fr\/index.php\/contact\/#breadcrumb"},"inLanguage":"fr-FR","potentialAction":[{"@type":"ReadAction","target":["https:\/\/turc-export.fr\/index.php\/contact\/"]}]},{"@type":"ImageObject","inLanguage":"fr-FR","@id":"https:\/\/turc-export.fr\/index.php\/contact\/#primaryimage","url":"https:\/\/turc-export.fr\/wp-content\/uploads\/2022\/06\/identite-1.png","contentUrl":"https:\/\/turc-export.fr\/wp-content\/uploads\/2022\/06\/identite-1.png","width":500,"height":500,"caption":"TURC EXPORT contact : Repr\u00e9sentants l\u00e9gaux"},{"@type":"BreadcrumbList","@id":"https:\/\/turc-export.fr\/index.php\/contact\/#breadcrumb","itemListElement":[{"@type":"ListItem","position":1,"name":"Accueil","item":"https:\/\/turc-export.fr\/"},{"@type":"ListItem","position":2,"name":"Contact"}]},{"@type":"WebSite","@id":"https:\/\/turc-export.fr\/#website","url":"https:\/\/turc-export.fr\/","name":"TURC EXPORT","description":"","publisher":{"@id":"https:\/\/turc-export.fr\/#organization"},"potentialAction":[{"@type":"SearchAction","target":{"@type":"EntryPoint","urlTemplate":"https:\/\/turc-export.fr\/?s={search_term_string}"},"query-input":{"@type":"PropertyValueSpecification","valueRequired":true,"valueName":"search_term_string"}}],"inLanguage":"fr-FR"},{"@type":"Organization","@id":"https:\/\/turc-export.fr\/#organization","name":"SARL TURC EXPORT","url":"https:\/\/turc-export.fr\/","logo":{"@type":"ImageObject","inLanguage":"fr-FR","@id":"https:\/\/turc-export.fr\/#\/schema\/logo\/image\/","url":"https:\/\/turc-export.fr\/wp-content\/uploads\/2022\/06\/Logo-1.png","contentUrl":"https:\/\/turc-export.fr\/wp-content\/uploads\/2022\/06\/Logo-1.png","width":574,"height":574,"caption":"SARL TURC EXPORT"},"image":{"@id":"https:\/\/turc-export.fr\/#\/schema\/logo\/image\/"}}]}},"_links":{"self":[{"href":"https:\/\/turc-export.fr\/index.php\/wp-json\/wp\/v2\/pages\/37","targetHints":{"allow":["GET"]}}],"collection":[{"href":"https:\/\/turc-export.fr\/index.php\/wp-json\/wp\/v2\/pages"}],"about":[{"href":"https:\/\/turc-export.fr\/index.php\/wp-json\/wp\/v2\/types\/page"}],"author":[{"embeddable":true,"href":"https:\/\/turc-export.fr\/index.php\/wp-json\/wp\/v2\/users\/1"}],"replies":[{"embeddable":true,"href":"https:\/\/turc-export.fr\/index.php\/wp-json\/wp\/v2\/comments?post=37"}],"version-history":[{"count":48,"href":"https:\/\/turc-export.fr\/index.php\/wp-json\/wp\/v2\/pages\/37\/revisions"}],"predecessor-version":[{"id":639,"href":"https:\/\/turc-export.fr\/index.php\/wp-json\/wp\/v2\/pages\/37\/revisions\/639"}],"wp:attachment":[{"href":"https:\/\/turc-export.fr\/index.php\/wp-json\/wp\/v2\/media?parent=37"}],"curies":[{"name":"wp","href":"https:\/\/api.w.org\/{rel}","templated":true}]}}